{"id":1733,"date":"2021-12-01T11:33:11","date_gmt":"2021-12-01T11:33:11","guid":{"rendered":"https:\/\/www.hotelmilka.si\/hotel\/pine\/"},"modified":"2024-12-06T09:22:19","modified_gmt":"2024-12-06T09:22:19","slug":"pine-luxury-double","status":"publish","type":"page","link":"https:\/\/www.hotelmilka.si\/sl\/hotel\/pine-luxury-double\/","title":{"rendered":"Pine Luxury Double"},"content":{"rendered":"","protected":false},"excerpt":{"rendered":"","protected":false},"author":6,"featured_media":0,"parent":1720,"menu_order":28,"comment_status":"closed","ping_status":"closed","template":"soba.php","meta":{"inline_featured_image":false,"footnotes":""},"class_list":["post-1733","page","type-page","status-publish","hentry"],"acf":[],"yoast_head":"<!-- This site is optimized with the Yoast SEO plugin v19.10 - https:\/\/yoast.com\/wordpress\/plugins\/seo\/ -->\n<title>Pine Luxury Double<\/title>\n<meta name=\"description\" content=\"Luxury Double soba Pine na 23 m2 nudi udobje in \u010dudovite razglede. Posebnost te sobe je dvojni tu\u0161, ponuja pa tudi intimen bralni koti\u010dek.\" \/>\n<meta name=\"robots\" content=\"index, follow, max-snippet:-1, max-image-preview:large, max-video-preview:-1\" \/>\n<link rel=\"canonical\" href=\"https:\/\/www.hotelmilka.si\/sl\/hotel\/pine-luxury-double\/\" \/>\n<meta property=\"og:locale\" content=\"sl_SI\" \/>\n<meta property=\"og:type\" content=\"article\" \/>\n<meta property=\"og:title\" content=\"Pine Luxury Double\" \/>\n<meta property=\"og:description\" content=\"Luxury Double soba Pine na 23 m2 nudi udobje in \u010dudovite razglede. Posebnost te sobe je dvojni tu\u0161, ponuja pa tudi intimen bralni koti\u010dek.\" \/>\n<meta property=\"og:url\" content=\"https:\/\/www.hotelmilka.si\/sl\/hotel\/pine-luxury-double\/\" \/>\n<meta property=\"og:site_name\" content=\"Buti\u010dni hotel in restavracija Milka\" \/>\n<meta property=\"article:modified_time\" content=\"2024-12-06T09:22:19+00:00\" \/>\n<meta name=\"twitter:card\" content=\"summary_large_image\" \/>\n<script type=\"application\/ld+json\" class=\"yoast-schema-graph\">{\"@context\":\"https:\/\/schema.org\",\"@graph\":[{\"@type\":\"WebPage\",\"@id\":\"https:\/\/www.hotelmilka.si\/sl\/hotel\/pine-luxury-double\/\",\"url\":\"https:\/\/www.hotelmilka.si\/sl\/hotel\/pine-luxury-double\/\",\"name\":\"Pine Luxury Double\",\"isPartOf\":{\"@id\":\"https:\/\/www.hotelmilka.si\/#website\"},\"datePublished\":\"2021-12-01T11:33:11+00:00\",\"dateModified\":\"2024-12-06T09:22:19+00:00\",\"description\":\"Luxury Double soba Pine na 23 m2 nudi udobje in \u010dudovite razglede. Posebnost te sobe je dvojni tu\u0161, ponuja pa tudi intimen bralni koti\u010dek.\",\"breadcrumb\":{\"@id\":\"https:\/\/www.hotelmilka.si\/sl\/hotel\/pine-luxury-double\/#breadcrumb\"},\"inLanguage\":\"sl-SI\",\"potentialAction\":[{\"@type\":\"ReadAction\",\"target\":[\"https:\/\/www.hotelmilka.si\/sl\/hotel\/pine-luxury-double\/\"]}]},{\"@type\":\"BreadcrumbList\",\"@id\":\"https:\/\/www.hotelmilka.si\/sl\/hotel\/pine-luxury-double\/#breadcrumb\",\"itemListElement\":[{\"@type\":\"ListItem\",\"position\":1,\"name\":\"Home\",\"item\":\"https:\/\/www.hotelmilka.si\/sl\/\"},{\"@type\":\"ListItem\",\"position\":2,\"name\":\"Buti\u010dni hotel Milka\",\"item\":\"https:\/\/www.hotelmilka.si\/sl\/hotel\/\"},{\"@type\":\"ListItem\",\"position\":3,\"name\":\"Pine Luxury Double\"}]},{\"@type\":\"WebSite\",\"@id\":\"https:\/\/www.hotelmilka.si\/#website\",\"url\":\"https:\/\/www.hotelmilka.si\/\",\"name\":\"Buti\u010dni hotel in restavracija Milka\",\"description\":\"Buti\u010dni hotel in restavracija Milka\",\"potentialAction\":[{\"@type\":\"SearchAction\",\"target\":{\"@type\":\"EntryPoint\",\"urlTemplate\":\"https:\/\/www.hotelmilka.si\/?s={search_term_string}\"},\"query-input\":\"required name=search_term_string\"}],\"inLanguage\":\"sl-SI\"}]}<\/script>\n<!-- \/ Yoast SEO plugin. -->","yoast_head_json":{"title":"Pine Luxury Double","description":"Luxury Double soba Pine na 23 m2 nudi udobje in \u010dudovite razglede. Posebnost te sobe je dvojni tu\u0161, ponuja pa tudi intimen bralni koti\u010dek.","robots":{"index":"index","follow":"follow","max-snippet":"max-snippet:-1","max-image-preview":"max-image-preview:large","max-video-preview":"max-video-preview:-1"},"canonical":"https:\/\/www.hotelmilka.si\/sl\/hotel\/pine-luxury-double\/","og_locale":"sl_SI","og_type":"article","og_title":"Pine Luxury Double","og_description":"Luxury Double soba Pine na 23 m2 nudi udobje in \u010dudovite razglede. Posebnost te sobe je dvojni tu\u0161, ponuja pa tudi intimen bralni koti\u010dek.","og_url":"https:\/\/www.hotelmilka.si\/sl\/hotel\/pine-luxury-double\/","og_site_name":"Buti\u010dni hotel in restavracija Milka","article_modified_time":"2024-12-06T09:22:19+00:00","twitter_card":"summary_large_image","schema":{"@context":"https:\/\/schema.org","@graph":[{"@type":"WebPage","@id":"https:\/\/www.hotelmilka.si\/sl\/hotel\/pine-luxury-double\/","url":"https:\/\/www.hotelmilka.si\/sl\/hotel\/pine-luxury-double\/","name":"Pine Luxury Double","isPartOf":{"@id":"https:\/\/www.hotelmilka.si\/#website"},"datePublished":"2021-12-01T11:33:11+00:00","dateModified":"2024-12-06T09:22:19+00:00","description":"Luxury Double soba Pine na 23 m2 nudi udobje in \u010dudovite razglede. Posebnost te sobe je dvojni tu\u0161, ponuja pa tudi intimen bralni koti\u010dek.","breadcrumb":{"@id":"https:\/\/www.hotelmilka.si\/sl\/hotel\/pine-luxury-double\/#breadcrumb"},"inLanguage":"sl-SI","potentialAction":[{"@type":"ReadAction","target":["https:\/\/www.hotelmilka.si\/sl\/hotel\/pine-luxury-double\/"]}]},{"@type":"BreadcrumbList","@id":"https:\/\/www.hotelmilka.si\/sl\/hotel\/pine-luxury-double\/#breadcrumb","itemListElement":[{"@type":"ListItem","position":1,"name":"Home","item":"https:\/\/www.hotelmilka.si\/sl\/"},{"@type":"ListItem","position":2,"name":"Buti\u010dni hotel Milka","item":"https:\/\/www.hotelmilka.si\/sl\/hotel\/"},{"@type":"ListItem","position":3,"name":"Pine Luxury Double"}]},{"@type":"WebSite","@id":"https:\/\/www.hotelmilka.si\/#website","url":"https:\/\/www.hotelmilka.si\/","name":"Buti\u010dni hotel in restavracija Milka","description":"Buti\u010dni hotel in restavracija Milka","potentialAction":[{"@type":"SearchAction","target":{"@type":"EntryPoint","urlTemplate":"https:\/\/www.hotelmilka.si\/?s={search_term_string}"},"query-input":"required name=search_term_string"}],"inLanguage":"sl-SI"}]}},"_links":{"self":[{"href":"https:\/\/www.hotelmilka.si\/sl\/wp-json\/wp\/v2\/pages\/1733","targetHints":{"allow":["GET"]}}],"collection":[{"href":"https:\/\/www.hotelmilka.si\/sl\/wp-json\/wp\/v2\/pages"}],"about":[{"href":"https:\/\/www.hotelmilka.si\/sl\/wp-json\/wp\/v2\/types\/page"}],"author":[{"embeddable":true,"href":"https:\/\/www.hotelmilka.si\/sl\/wp-json\/wp\/v2\/users\/6"}],"replies":[{"embeddable":true,"href":"https:\/\/www.hotelmilka.si\/sl\/wp-json\/wp\/v2\/comments?post=1733"}],"version-history":[{"count":11,"href":"https:\/\/www.hotelmilka.si\/sl\/wp-json\/wp\/v2\/pages\/1733\/revisions"}],"predecessor-version":[{"id":4333,"href":"https:\/\/www.hotelmilka.si\/sl\/wp-json\/wp\/v2\/pages\/1733\/revisions\/4333"}],"up":[{"embeddable":true,"href":"https:\/\/www.hotelmilka.si\/sl\/wp-json\/wp\/v2\/pages\/1720"}],"wp:attachment":[{"href":"https:\/\/www.hotelmilka.si\/sl\/wp-json\/wp\/v2\/media?parent=1733"}],"curies":[{"name":"wp","href":"https:\/\/api.w.org\/{rel}","templated":true}]}}